{"id":11,"date":"2021-02-02T08:22:14","date_gmt":"2021-02-02T08:22:14","guid":{"rendered":"http:\/\/gesangunterrichtmuenchen.de\/?page_id=11"},"modified":"2022-08-10T16:34:25","modified_gmt":"2022-08-10T16:34:25","slug":"fragen-und-antworten","status":"publish","type":"page","link":"https:\/\/erstaunlichsingenlernen.de\/?page_id=11","title":{"rendered":"Fragen und Antworten"},"content":{"rendered":"\n<ul class=\"has-medium-font-size wp-block-list\"><li>Nehmen Sie auch Anf\u00e4nger?<\/li><\/ul>\n\n\n\n<h2 class=\"wp-block-heading\">Ja, sehr gerne. Als leidenschaftlicher Gesangsp\u00e4dagoge ist es mir eine Freude, ungeahnte und schlummernde Stimmqualit\u00e4ten zum Vorschein zu bringen und damit beim Sch\u00fcler die Begeisterung f\u00fcr das Singen zu wecken.<\/h2>\n\n\n\n<ul class=\"has-medium-font-size wp-block-list\"><li>&nbsp;&nbsp; Ich bin Chors\u00e4nger. Warum sollte ich Gesangsunterricht nehmen?<\/li><\/ul>\n\n\n\n<h2 class=\"wp-block-heading\">In Ch\u00f6ren kann man beim Einsingen oder der Stimmbildung nicht auf individuelle Herausforderungen wie St\u00fctze, Vokalausgleich, Registerbalance, Lagenausgleich eingehen. Dadurch stagniert die stimmliche Entwicklung. Die Erfahrung hat gezeigt, da\u00df in wenigen Gesangsstunden gr\u00f6\u00dfere Fortschritte erzielt werden, als in 10 Jahren Chorsingen. Aussage&nbsp; einer Gesangssch\u00fclerin: \u201eNach nur einer Gesangsstunde bin ich fest \u00fcberzeut, da\u00df jeder Chors\u00e4nger Gesangsunterricht nehmen sollte.\u201c<\/h2>\n\n\n\n<h2 class=\"wp-block-heading\" style=\"font-style:normal;font-weight:400\">Die von Chorleitern oft geforderte Artikulationsverst\u00e4rkung (\u201emehr Text\u201c) geht durch mangelhafte St\u00fctze meist auf Kosten der Klangqualit\u00e4t und des Legatos.<\/h2>\n\n\n\n<ul class=\"has-medium-font-size wp-block-list\"><li>Ich bin Profi. Was bringt mir der Unterricht?<\/li><\/ul>\n\n\n\n<p style=\"font-size:22px\">Auch als Profi ist es sinnvoll Unterricht zu nehmen. Beim Singen ist es schwer, sich objektiv zu h\u00f6ren, weshalb sich leicht Fehler einschleichen k\u00f6nnen. Auch kann Leistungsdruck&nbsp; zu stimmlicher Unausgeglichenheit f\u00fchren. Manchmal gen\u00fcgen aber schon ein paar Hinweise oder ein paar effektive \u00dcbungen um die Stimme wieder ins Lot zu bringen. Au\u00dferdem gibt es keine Grenze f\u00fcr stimmliche Entfaltungsm\u00f6glichkeiten und ihre Anwendung am Repertoire.<\/p>\n\n\n\n<ul class=\"wp-block-list\" style=\"font-size:24px\"><li>Was kann ich vom Unterricht erwarten?&nbsp;<\/li><\/ul>\n\n\n\n<p style=\"font-size:22px\">Eingehen auf die individuellen Bed\u00fcrfnisse, effektiven Unterricht, h\u00f6rbare Fortschritte, Klarheit, wie stimmliche Herausforderungen zu bew\u00e4ltigen sind, geduldiges und animierendes F\u00f6rdern der M\u00f6glichkeiten ohne zu \u00fcberfordern oder zu forcieren. Durch intensive Auseinandersetzung mit vielen verschiedenen Gesangsmethoden habe ich ein gro\u00dfes Repertoire an M\u00f6glichkeiten und ein geschultes Ohr um dem Gesangssch\u00fcler zur Verwirklichung seiner gesanglichen Ziele zu verhelfen. Mit meiner langj\u00e4hrigen Erfahrung als Gesangsp\u00e4dagoge ( u.a. 21 Jahre Dozent f\u00fcr Gesang an der Uni M\u00fcnchen) wei\u00df ich, was im Unterricht funktioniert und was nicht. Dadurch bleiben dem Sch\u00fcler langwierige und unn\u00f6tige Umwege und Sackgassen erspart.&nbsp;&nbsp;&nbsp;&nbsp;&nbsp;&nbsp;&nbsp;&nbsp;&nbsp;&nbsp;&nbsp;&nbsp;&nbsp;&nbsp;&nbsp;&nbsp;&nbsp;&nbsp;&nbsp;&nbsp;&nbsp;<\/p>\n\n\n\n<ul class=\"has-medium-font-size wp-block-list\"><li>Unterrichten Sie auch Heavy Metal oder Rock?<\/li><\/ul>\n\n\n\n<p style=\"font-size:22px\">Nein. Aber ich kann Ihnen die gesunden stimmlichen Grundlagen dazu vermitteln.<\/p>\n\n\n\n<p style=\"font-size:22px\"><\/p>\n","protected":false},"excerpt":{"rendered":"<p>Nehmen Sie auch Anf\u00e4nger? Ja, sehr gerne. Als leidenschaftlicher Gesangsp\u00e4dagoge ist es mir eine Freude, ungeahnte und schlummernde Stimmqualit\u00e4ten zum Vorschein zu bringen und damit beim Sch\u00fcler die Begeisterung f\u00fcr das Singen zu wecken. &nbsp;&nbsp; Ich bin Chors\u00e4nger. Warum sollte &hellip; <a href=\"https:\/\/erstaunlichsingenlernen.de\/?page_id=11\">Weiterlesen <span class=\"meta-nav\">&rarr;<\/span><\/a><\/p>\n","protected":false},"author":1,"featured_media":0,"parent":0,"menu_order":0,"comment_status":"closed","ping_status":"closed","template":"","meta":{"om_disable_all_campaigns":false,"_monsterinsights_skip_tracking":false,"_monsterinsights_sitenote_active":false,"_monsterinsights_sitenote_note":"","_monsterinsights_sitenote_category":0,"footnotes":""},"class_list":["post-11","page","type-page","status-publish","hentry"],"yoast_head":"<!-- This site is optimized with the Yoast SEO plugin v27.4 - https:\/\/yoast.com\/product\/yoast-seo-wordpress\/ -->\n<title>Fragen und Antworten - Gesangsunterricht M\u00fcnchen<\/title>\n<meta name=\"description\" content=\"Hier werden h\u00e4ufige Fragen beantwortet zum Unterricht, f\u00fcr wen es geeignet ist, welche Probleme gel\u00f6st werden u.v.m.\" \/>\n<meta name=\"robots\" content=\"index, follow, max-snippet:-1, max-image-preview:large, max-video-preview:-1\" \/>\n<link rel=\"canonical\" href=\"https:\/\/erstaunlichsingenlernen.de\/?page_id=11\" \/>\n<meta property=\"og:locale\" content=\"de_DE\" \/>\n<meta property=\"og:type\" content=\"article\" \/>\n<meta property=\"og:title\" content=\"Fragen und Antworten - Gesangsunterricht M\u00fcnchen\" \/>\n<meta property=\"og:description\" content=\"Hier werden h\u00e4ufige Fragen beantwortet zum Unterricht, f\u00fcr wen es geeignet ist, welche Probleme gel\u00f6st werden u.v.m.\" \/>\n<meta property=\"og:url\" content=\"https:\/\/erstaunlichsingenlernen.de\/?page_id=11\" \/>\n<meta property=\"og:site_name\" content=\"Gesangsunterricht M\u00fcnchen\" \/>\n<meta property=\"article:modified_time\" content=\"2022-08-10T16:34:25+00:00\" \/>\n<meta name=\"twitter:card\" content=\"summary_large_image\" \/>\n<meta name=\"twitter:label1\" content=\"Gesch\u00e4tzte Lesezeit\" \/>\n\t<meta name=\"twitter:data1\" content=\"2\u00a0Minuten\" \/>\n<script type=\"application\/ld+json\" class=\"yoast-schema-graph\">{\"@context\":\"https:\\\/\\\/schema.org\",\"@graph\":[{\"@type\":\"WebPage\",\"@id\":\"https:\\\/\\\/erstaunlichsingenlernen.de\\\/?page_id=11\",\"url\":\"https:\\\/\\\/erstaunlichsingenlernen.de\\\/?page_id=11\",\"name\":\"Fragen und Antworten - Gesangsunterricht M\u00fcnchen\",\"isPartOf\":{\"@id\":\"https:\\\/\\\/erstaunlichsingenlernen.de\\\/#website\"},\"datePublished\":\"2021-02-02T08:22:14+00:00\",\"dateModified\":\"2022-08-10T16:34:25+00:00\",\"description\":\"Hier werden h\u00e4ufige Fragen beantwortet zum Unterricht, f\u00fcr wen es geeignet ist, welche Probleme gel\u00f6st werden u.v.m.\",\"breadcrumb\":{\"@id\":\"https:\\\/\\\/erstaunlichsingenlernen.de\\\/?page_id=11#breadcrumb\"},\"inLanguage\":\"de\",\"potentialAction\":[{\"@type\":\"ReadAction\",\"target\":[\"https:\\\/\\\/erstaunlichsingenlernen.de\\\/?page_id=11\"]}]},{\"@type\":\"BreadcrumbList\",\"@id\":\"https:\\\/\\\/erstaunlichsingenlernen.de\\\/?page_id=11#breadcrumb\",\"itemListElement\":[{\"@type\":\"ListItem\",\"position\":1,\"name\":\"Startseite\",\"item\":\"https:\\\/\\\/erstaunlichsingenlernen.de\\\/\"},{\"@type\":\"ListItem\",\"position\":2,\"name\":\"Fragen und Antworten\"}]},{\"@type\":\"WebSite\",\"@id\":\"https:\\\/\\\/erstaunlichsingenlernen.de\\\/#website\",\"url\":\"https:\\\/\\\/erstaunlichsingenlernen.de\\\/\",\"name\":\"Gesangsunterricht M\u00fcnchen\",\"description\":\"Besser  singen lernen\",\"publisher\":{\"@id\":\"https:\\\/\\\/erstaunlichsingenlernen.de\\\/#organization\"},\"potentialAction\":[{\"@type\":\"SearchAction\",\"target\":{\"@type\":\"EntryPoint\",\"urlTemplate\":\"https:\\\/\\\/erstaunlichsingenlernen.de\\\/?s={search_term_string}\"},\"query-input\":{\"@type\":\"PropertyValueSpecification\",\"valueRequired\":true,\"valueName\":\"search_term_string\"}}],\"inLanguage\":\"de\"},{\"@type\":\"Organization\",\"@id\":\"https:\\\/\\\/erstaunlichsingenlernen.de\\\/#organization\",\"name\":\"Gesangsunterricht M\u00fcnchen\",\"url\":\"https:\\\/\\\/erstaunlichsingenlernen.de\\\/\",\"logo\":{\"@type\":\"ImageObject\",\"inLanguage\":\"de\",\"@id\":\"https:\\\/\\\/erstaunlichsingenlernen.de\\\/#\\\/schema\\\/logo\\\/image\\\/\",\"url\":\"\",\"contentUrl\":\"\",\"caption\":\"Gesangsunterricht M\u00fcnchen\"},\"image\":{\"@id\":\"https:\\\/\\\/erstaunlichsingenlernen.de\\\/#\\\/schema\\\/logo\\\/image\\\/\"}}]}<\/script>\n<!-- \/ Yoast SEO plugin. -->","yoast_head_json":{"title":"Fragen und Antworten - Gesangsunterricht M\u00fcnchen","description":"Hier werden h\u00e4ufige Fragen beantwortet zum Unterricht, f\u00fcr wen es geeignet ist, welche Probleme gel\u00f6st werden u.v.m.","robots":{"index":"index","follow":"follow","max-snippet":"max-snippet:-1","max-image-preview":"max-image-preview:large","max-video-preview":"max-video-preview:-1"},"canonical":"https:\/\/erstaunlichsingenlernen.de\/?page_id=11","og_locale":"de_DE","og_type":"article","og_title":"Fragen und Antworten - Gesangsunterricht M\u00fcnchen","og_description":"Hier werden h\u00e4ufige Fragen beantwortet zum Unterricht, f\u00fcr wen es geeignet ist, welche Probleme gel\u00f6st werden u.v.m.","og_url":"https:\/\/erstaunlichsingenlernen.de\/?page_id=11","og_site_name":"Gesangsunterricht M\u00fcnchen","article_modified_time":"2022-08-10T16:34:25+00:00","twitter_card":"summary_large_image","twitter_misc":{"Gesch\u00e4tzte Lesezeit":"2\u00a0Minuten"},"schema":{"@context":"https:\/\/schema.org","@graph":[{"@type":"WebPage","@id":"https:\/\/erstaunlichsingenlernen.de\/?page_id=11","url":"https:\/\/erstaunlichsingenlernen.de\/?page_id=11","name":"Fragen und Antworten - Gesangsunterricht M\u00fcnchen","isPartOf":{"@id":"https:\/\/erstaunlichsingenlernen.de\/#website"},"datePublished":"2021-02-02T08:22:14+00:00","dateModified":"2022-08-10T16:34:25+00:00","description":"Hier werden h\u00e4ufige Fragen beantwortet zum Unterricht, f\u00fcr wen es geeignet ist, welche Probleme gel\u00f6st werden u.v.m.","breadcrumb":{"@id":"https:\/\/erstaunlichsingenlernen.de\/?page_id=11#breadcrumb"},"inLanguage":"de","potentialAction":[{"@type":"ReadAction","target":["https:\/\/erstaunlichsingenlernen.de\/?page_id=11"]}]},{"@type":"BreadcrumbList","@id":"https:\/\/erstaunlichsingenlernen.de\/?page_id=11#breadcrumb","itemListElement":[{"@type":"ListItem","position":1,"name":"Startseite","item":"https:\/\/erstaunlichsingenlernen.de\/"},{"@type":"ListItem","position":2,"name":"Fragen und Antworten"}]},{"@type":"WebSite","@id":"https:\/\/erstaunlichsingenlernen.de\/#website","url":"https:\/\/erstaunlichsingenlernen.de\/","name":"Gesangsunterricht M\u00fcnchen","description":"Besser  singen lernen","publisher":{"@id":"https:\/\/erstaunlichsingenlernen.de\/#organization"},"potentialAction":[{"@type":"SearchAction","target":{"@type":"EntryPoint","urlTemplate":"https:\/\/erstaunlichsingenlernen.de\/?s={search_term_string}"},"query-input":{"@type":"PropertyValueSpecification","valueRequired":true,"valueName":"search_term_string"}}],"inLanguage":"de"},{"@type":"Organization","@id":"https:\/\/erstaunlichsingenlernen.de\/#organization","name":"Gesangsunterricht M\u00fcnchen","url":"https:\/\/erstaunlichsingenlernen.de\/","logo":{"@type":"ImageObject","inLanguage":"de","@id":"https:\/\/erstaunlichsingenlernen.de\/#\/schema\/logo\/image\/","url":"","contentUrl":"","caption":"Gesangsunterricht M\u00fcnchen"},"image":{"@id":"https:\/\/erstaunlichsingenlernen.de\/#\/schema\/logo\/image\/"}}]}},"_links":{"self":[{"href":"https:\/\/erstaunlichsingenlernen.de\/index.php?rest_route=\/wp\/v2\/pages\/11","targetHints":{"allow":["GET"]}}],"collection":[{"href":"https:\/\/erstaunlichsingenlernen.de\/index.php?rest_route=\/wp\/v2\/pages"}],"about":[{"href":"https:\/\/erstaunlichsingenlernen.de\/index.php?rest_route=\/wp\/v2\/types\/page"}],"author":[{"embeddable":true,"href":"https:\/\/erstaunlichsingenlernen.de\/index.php?rest_route=\/wp\/v2\/users\/1"}],"replies":[{"embeddable":true,"href":"https:\/\/erstaunlichsingenlernen.de\/index.php?rest_route=%2Fwp%2Fv2%2Fcomments&post=11"}],"version-history":[{"count":9,"href":"https:\/\/erstaunlichsingenlernen.de\/index.php?rest_route=\/wp\/v2\/pages\/11\/revisions"}],"predecessor-version":[{"id":1522,"href":"https:\/\/erstaunlichsingenlernen.de\/index.php?rest_route=\/wp\/v2\/pages\/11\/revisions\/1522"}],"wp:attachment":[{"href":"https:\/\/erstaunlichsingenlernen.de\/index.php?rest_route=%2Fwp%2Fv2%2Fmedia&parent=11"}],"curies":[{"name":"wp","href":"https:\/\/api.w.org\/{rel}","templated":true}]}}