{"id":13,"date":"2021-02-02T08:23:02","date_gmt":"2021-02-02T08:23:02","guid":{"rendered":"http:\/\/gesangunterrichtmuenchen.de\/?page_id=13"},"modified":"2023-12-01T15:09:55","modified_gmt":"2023-12-01T15:09:55","slug":"portfolio","status":"publish","type":"page","link":"https:\/\/erstaunlichsingenlernen.de\/?page_id=13","title":{"rendered":"Sch\u00fclerfeedback"},"content":{"rendered":"\n<p class=\"has-medium-font-size\"><strong><em>Feedback zum Online-Unterricht B.K<\/em><\/strong>.,<strong><em> Sopran<\/em><\/strong>, <strong>seit Jahren<\/strong> i<strong><em>m semiprofessionellen Bereich t\u00e4tig<\/em><\/strong>: Wegen der r\u00e4umlichen Entfernung bot mir Christoph Online-Unterricht an, ein Experiment das wunderbar funktioniert: Es erstaunt mich immer wieder, wie gut Christoph alle Feinheiten der Vokalf\u00e4rbungen heraush\u00f6rt. Ich  bin nun sehr gl\u00fccklich dar\u00fcber, nach 6 Monaten intensiven \u201cGeh\u00f6rtrainings\u201d gut gewappnet f\u00fcr mein n\u00e4chstes Konzert zu sein.<\/p>\n\n\n\n<p class=\"has-medium-font-size\"><strong>Feedback P.A. Bariton, Popgesang<\/strong>: Christoph Dobmeier ist ein herausragender Gesangslehrer. Ich hatte schon ein paar Lehrer vor ihm, aber niemand hat meine Potentiale auch nur ann\u00e4hernd so gehoben wie Christoph. Er \u00fcberzeugt durch Fachkompetenz, \u00e4u\u00dferst wirksame Methoden, sowie p\u00e4dagogisches Feingef\u00fchl \u2013 und hat stets L\u00f6sungen parat, wenn man mal nicht weiterkommt. Au\u00dferdem ist er ein toller Mensch und Gespr\u00e4chspartner. Wer Singen lernen oder fortentwickeln m\u00f6chte wird keinen besseren Coach finden!<\/p>\n\n\n\n<h2 class=\"has-medium-font-size wp-block-heading\"><strong>Feedback A.M, Alt:<\/strong> Christoph Dobmeier ist ein gro\u00dfer Gl\u00fccksfall f\u00fcr mich. Ich singe in einem M\u00fcnchner Kirchenchor und fand, dass meine Stimme regelm\u00e4\u00dfiges Training br\u00e4uchte. Seine langj\u00e4hrige Erfahrung als Lehrer und professioneller S\u00e4nger, seine Vermittlung von Technik , Interpretation u.v.m. hat mich sehr \u00fcberzeugt. Das stete Wiederholen der \u00dcbungen hat meine Altstimme dazu gebracht, dass ich mich auch in h\u00f6heren Lagen wohl f\u00fchle. Den \u00dcbergang in die verschiedenen Register schaffe ich nun ohne M\u00fche. Christoph ist ein geduldiger, aufmerksamer Lehrer und sehr sympathisch. Ich k\u00f6nnte noch vieles schreiben, aber wer sich stimmlich weiterentwickeln m\u00f6chte, k\u00f6nnte keinen besseren Gesangslehrer finden.<\/h2>\n\n\n\n<p><\/p>\n\n\n\n<p class=\"has-medium-font-size\"><strong>Was eine einzige Stunde bewirken kann, zeigt der folgende Brief eines Sch\u00fclers, der gro\u00dfe Treue zu seiner langj\u00e4hrigen Gesangslehrerin hat, aber etwas Neues kennen lernen wollte:<\/strong><br><em><strong>Feedback F.A., Bariton<\/strong><\/em>:&nbsp; Wie lange wollte ich Dir schon einmal schreiben, um mich nochmals f\u00fcr Deine sch\u00f6ne, hilfreiche und liebevolle Gesangsstunde zu bedanken. Meine Gesangslehrerin, die einfach alles herausbekommt, ist Dir sehr dankbar, wie sie es formuliert, da ich durch den S\u00e4ngerformanten einen gescheiten Ton zustande gebracht habe. Wenn sie nicht mehr weiter wusste, sagte sie oft: \u201eSingen Sie doch wieder wie beim Christoph Dobmeier\u201c, dann war sie wieder zufrieden. Ich solle fortan so singen, wie ich es bei Dir gelernt habe.<\/p>\n\n\n\n<p class=\"has-medium-font-size\"><em><strong>Feedback J.M., Kontraalt, Chors\u00e4ngerin:<\/strong><\/em> Nach nur einer Gesangsstunde bin ich der festen \u00dcberzeugung, da\u00df jeder Chors\u00e4nger Gesangsunterricht nehmen sollte.Ich k\u00f6nnte mich in den Hintern bei\u00dfen, da\u00df ich nicht schon fr\u00fcher Gesangsunterricht genommen habe.<\/p>\n\n\n\n<p class=\"has-medium-font-size\"><em><strong>Feedback S.M., Mezzosopran, professionelle S\u00e4ngerin mit internationalem Niveau<\/strong><\/em>:<br>Ich bin professionelle klassische S\u00e4ngerin mit abgeschlossenem Hochschulstudium Sologesang an einer renommierten Musikhochschule mit langj\u00e4hriger Berufserfahrung im Konzertbereich (solistisch wie auch Ensemblesingen). Da ich ebenfalls Gesangsunterricht gebe und ich auch in diesem Bereich langj\u00e4hrige Erfahrung habe, war es f\u00fcr mich gar nicht so einfach, ein pr\u00fcfendes \u201eAussen-Ohr\u201c zu finden, (und ebendieses ist auch f\u00fcr den aus\u00fcbenden Profis\u00e4nger immer mal wieder zur Kontrolle und Feinjustierung von enormer Wichtigkeit und Wert) das meinen Anspr\u00fcchen an stimmphysiologischer Fachkompetenz und analytischem Heraush\u00f6ren von subtilsten Fehlerquellen sowie an Klangoptimierung bei maximalem k\u00f6rperlichem Wohlgef\u00fchl und Eutonus gerecht wird. Im Laufe meiner gesanglichen Entwicklung habe ich- wie die meisten Profis\u00e4nger- diverse Lehrmethoden kennengelernt und mit verschiedenen P\u00e4dagogen gearbeitet.<br>In Christoph Dobmeier habe ich den Lehrer gefunden, der das Beste und Positivste all dieser&nbsp; \u201eErkenntnisse\u201c geb\u00fcndelt in seinem Unterricht auf den Punkt bringt und dar\u00fcber hinaus noch weiterf\u00fchrt. Die Komplexit\u00e4t des difficilen Zusammenspiels von so vielen unterschiedlichen Faktoren beim Singen und dementsprechend das analytische H\u00f6ren ist schon eine hohe Kunst, die Christoph wie kaum ein anderer ganz fantastisch beherrscht und L\u00f6sungen f\u00fcr stimmliche Probleme&nbsp; leicht verst\u00e4ndlich, dazu sehr einf\u00fchlsam, sehr akribisch und konzentriert, aber auch sehr geduldig in seinem Unterricht herausarbeitet . Ich habe in jeder Stunde das Gef\u00fchl, dass Christoph mich behutsam, aber sehr effektiv und zielsicher an mein stimmliches und klangliches Optimum f\u00fchrt und das mit einem ausgesprochenen Leichtigkeitsgef\u00fchl, wobei die Wahrnehmung von extremer Tonh\u00f6he oder Tiefe sich ver\u00e4ndert, quasi aufl\u00f6st und sich ein unangestrengtes Singgef\u00fchl aus der Mitte heraus einstellt.<br>Ich denke, dem suchenden S\u00e4nger( Anf\u00e4nger gleicherma\u00dfen wie Profi) kann nichts Besseres passieren, als in diese fachkompetenten H\u00e4nde (und Ohren) zu geraten, ich vertraue ihm ganz und f\u00fchle mich wie in \u201eAbrahams Scho\u00df\u201c.<\/p>\n\n\n\n<p class=\"has-medium-font-size\"><strong>Auch bei kompletten Anf\u00e4gern k\u00f6nnen sich rasch gute Resultate einstellen.&nbsp; <\/strong><em><strong>Feedback S.S.,Mezzo<\/strong><\/em>:<br>F\u00fcr mich sind die Gesangsstunden bei Christoph Dobmeier ein echter Durchbruch.<br>Wo soll ich anfangen?<br>Vor einiger Zeit fing ich an, meine Gef\u00fchle in eigenen Liedern auszudr\u00fccken, leider immer mit dem Wissen, dass ich unmusikalisch bin und keine sch\u00f6ne Singstimme habe.<br>Irgendwie bin ich bei Herrn Dobmeier in einer ersten privaten Gesangsstunde gelandet und bereits diese erste Stunde war ein Durchbruch f\u00fcr mich.<br>Anstelle von gehauchten wackligen T\u00f6nen kam da auf einmal ein ganz klarer lauter Klang aus mir heraus.<br>Die ganzen Vor\u00fcbungen bevor man \u00fcberhaupt mal zum Singen kommt, waren f\u00fcr mich anfangs irgendwie komisch. Aber ich merkte schon in der ersten Stunde den Effekt: im Kopf fing es an zu vibrieren, die Ohren \u00f6ffneten sich und ich merkte auf einmal den Unterschied zwischen hauchigem und klarem Ton. Auch der \u00dcbergang von der Kopf- in die \u201eBruststimme\u201c ist erstaunlich. Es f\u00e4ngt an kein \u201eSchieben\u201c und Rauspressen der T\u00f6ne mehr zu sein, sondern wird zu einem klaren Klingen aus den jeweiligen K\u00f6rperzentren. Zum ersten Mal in meinem Leben wurde mir inzwischen auch schon gesagt, da\u00df ich ein sch\u00f6ne Stimme habe.<br>Ich habe nach einer Gesangsstunde bei Herrn Dobmeier meistens das Gef\u00fchl, einen neuen Meilenstein geschafft zu haben. Die neuen \u201eErkenntnisse\u201c begleiten mich durch den Alltag und ich ertappe mich oft, wie ich einfach so z.B. beim Fahrradfahren anfange, zu singen.<\/p>\n\n\n\n<p class=\"has-medium-font-size\">Herrlich!<br>Ich bin schon so gespannt, was da noch alles auf mich wartet\u2026 Am liebsten w\u00fcrde ich t\u00e4glich eine Gesangsstunde bekommen.<\/p>\n\n\n\n<p class=\"has-medium-font-size\"><em><strong>A.S., Tenor&nbsp; professioneller S\u00e4nger<\/strong><\/em>:&nbsp;Ich kenne niemande<strong><em>n<\/em><\/strong><\/p>\n\n\n\n<p class=\"has-medium-font-size\">der ein so gutes analytisches Ohr hat wie Christoph Dobmeier.<\/p>\n\n\n\n<p><em><strong>Nach 2 Gesangstunden: Feedback W.S. Bariton, Gymnasiallehrer f\u00fcr Musik:<\/strong><\/em><\/p>\n\n\n\n<p class=\"has-medium-font-size\">Heute hatte ich wieder Chorprobe: Zuerst Sonderprobe M\u00e4nner, dann zusammen mit den Frauen. Ich bin ganz gl\u00fccklich, weil es gut gelaufen ist. Vor allem meine Jungs hab ich weitergebracht. Das sind alles Jungs, die noch nie (Chor)gesungen haben. Diesmal haben wir auch die h\u00f6heren T\u00f6ne mal erforscht!<\/p>\n\n\n\n<p class=\"has-medium-font-size\">Ich selber hab mich auch gut gef\u00fchlt, hab tapfer alles vorgesungen, das ist ohnehin der Schl\u00fcssel!<\/p>\n\n\n\n<p class=\"has-medium-font-size\">Ich bin total froh um deinen Unterricht, denn ich f\u00fchl mich wirklich viel sattelfester beim Singen, ganz abgesehen davon, dass Chorleiten auch mehr Spa\u00df macht! super!<\/p>\n\n\n\n<p class=\"has-medium-font-size\">Ich freu mich schon auf die Stunde n\u00e4chste Woche!<\/p>\n\n\n\n<p class=\"has-medium-font-size\"><em><strong>Feedback H.G.Tenor<\/strong><\/em>: Ich bin ein ambitionierter Amateur und singe in kleinen Ch\u00f6ren und vereinzelt auch Solopartien. Seit drei Jahren \u2013 mit Unterbrechungen \u2013 geniesse ich nun den Unterricht bei Christoph. Was ich dabei vor allem gelernt habe, ist Gelassenheit. Dies h\u00e4ngt zum Einen damit zusammen, dass die Stunde bei Christoph meinen Arbeitsalltag unterbricht, mich alle Belastungen des Tages vergessen l\u00e4sst und ich mich in einer Situation wiederfinde, in der es nur um mich geht.<br>Zum Anderen habe ich mich stimmlich so weiterentwickeln k\u00f6nnen, dass ich nun volles Zutrauen in das Funktionieren meiner Stimme habe. Bedenken, dass \u2013 wenn es darauf ankommt \u2013 \u201eschwierige Stellen stimmlich nicht funktionieren k\u00f6nnten\u201c habe ich nun nicht mehr, das ist gut. Christoph hat mir auch beigebracht, ohne falsche Hilfsmittel, wie z.B. einen \u201cKn\u00f6del\u201c zu singen.<\/p>\n\n\n\n<p class=\"has-medium-font-size\"><em><strong>Feedback I.K, Sopran<\/strong><\/em>:<br>Etwa 10 Gesangslehrer haben meinen \u201cstimmlichen\u201c Weg seit der Schulzeit begleitet. Von jedem Lehrer habe ich profitiert und meinem ganz pers\u00f6nlichen Stimm-Mosaik etwas hinzuf\u00fcgen k\u00f6nnen. Die ganz entscheidenden Steinchen konnte ich dem Mosaik aber erst durch die Arbeit mit Christoph Dobmeier eingliedern. In stichwort\u00e4hnlichen Angaben m\u00f6chte ich darstellen, was den Unterricht bei ihm auszeichnet und so empfehlenswert macht:<\/p>\n\n\n\n<ul class=\"has-medium-font-size wp-block-list\"><li>Die angenehme menschliche Art, in der Christoph Dobmeier dem Sch\u00fcler begegnet, schafft eine gute Atmosph\u00e4re. Sie wirkt sich positiv auf die Arbeit aus.<\/li><li>Die Stunden werden weder dem Lehrer noch dem Sch\u00fcler zur Routine. Christoph Dobmeier gestaltet jede Stunde zu einem Unikat<\/li><li>der Ablauf des Unterrichts richtet sich nach der Tagesbefindlichkeit der Stimme ( auch der des Sch\u00fclers ganz allgemein) und nicht nach einem immer sich wiederholendem Schema, das eingehalten werden mu\u00df<\/li><\/ul>\n\n\n\n<ul class=\"has-medium-font-size wp-block-list\"><li>Christoph Dobmeier abverlangt dem Sch\u00fcler ein hohes Ma\u00df an Konzentration in Bezug auf das Wahrnehmnen der Qualit\u00e4t eines Tones bei sich selbst und bei anderen. Dadurch, da\u00df er das, was er seinen Sch\u00fclern vermitteln will in vollem Umfang selbst beherrscht, gibt er den Sch\u00fclern immer wieder die M\u00f6glichkeit das \u201cRichtige\u201c zu h\u00f6ren und zu verinnerlichen<\/li><li>Er ber\u00fccksichtigt K\u00f6rper- und Atemarbeit zu Beginn jeder Stunde, ohne ihre gegenseitige Bedingtheit auseinanderzurei\u00dfen.<\/li><li>Die f\u00fcr mich wichtigste und intensivste Arbeit mit ihm an meiner gesanglichen Weiterbildung, war das Ringen um eine ausgeglichene Mischung zwischen Kopf- und Brustregister und das m\u00fchelose Hin\u00fcbergleiten in die verschiedenen Lagen. Diese Arbeit hatte Erfolg dadurch, da\u00df er mich durch ganz bestimmte, sehr eng beienanderliegende Tonfolgen in Verbindung mit Vokalen behutsam an den Kern eines Tones heranf\u00fchrte. Im Verlauf dieser Arbeit erlebte ich den Kern immer mehr als Raum und Ort der ausgewogenen Begegnung von oben und unten. Ich empfand dieses Erleben der Ausgeglichenheit zwischen Kopf- und Bruststimme als wirkliche Wende in meiner Laien-S\u00e4nger-Karriere<\/li><li>die Sprache, das Wort, die Formung der Konsonanten und Vokale nehmen einen wichtigen Platz in seiner Arbeit ein. Nur gut gestaltete Konsonanten k\u00f6nnen Lebens- und Entfaltungsgrundlage f\u00fcr die Vokale sein. Der Sch\u00fcler lernt ernsthaftes Spielen mit den Lauten in den feinsten Nuancen und Abstufungen in hohen, mittleren und tiefen Tonlagen und in immer variierten Tonfolgen. Durch das Herausarbeiten dieser Feinheiten werden Text und Melodie zu einer Einheit verbunden.<\/li><\/ul>\n\n\n\n<p class=\"has-medium-font-size\">Kurzfassung:<br>Warum ich Christoph Dobmeier als Gesangslehrer empfehle:<\/p>\n\n\n\n<ul class=\"has-medium-font-size wp-block-list\"><li>weil seine menschliche Art eine starke Motivation zum Singen ist<\/li><li>weil er intensive K\u00f6rper- und Atemarbeit betreibt<\/li><li>weil sein Unterricht die gesangliche Selbst- und Fremdwahrnehmung sch\u00e4rft<\/li><li>weil er im Unterricht an den Kern der Stimme heranf\u00fchrt<\/li><li>weil er eine ausgeglichene Mischung zwischen Kopf- und Brustregister beim Singen erreicht<\/li><li>weil er selbst kleinste Nuancen bei der Gestaltung der Sprache herausarbeitet, um Text und Melodie zu einer Einheit zu verbinden<\/li><li>weil ich mich nach jeder Stunde auf eine n\u00e4chste freue.<\/li><\/ul>\n\n\n\n<p class=\"has-medium-font-size\"><em><strong>Feedback A.H., Bariton<\/strong><\/em>:<br>Ich bin Musikstudent an der Musikhochschule M\u00fcnchen, allerdings nicht f\u00fcr Gesang. Neben meinem Hauptfachinstrument singe ich professionell in mehreren Ch\u00f6ren in und um M\u00fcnchen.<br>Mein stimmliches Volumen und Obertonbrillianz hat sich durch Christophs Unterricht stark gesteigert. Dabei habe ich das gute Gef\u00fchl, dass er seinen Unterricht sehr gut der individuellen Stimme anpasst. Seit Beginn des Unterrichts ist Vokalausgleich und Ausgeglichenheit der Stimme ein integraler Bestandteil jeder Stunde, verst\u00e4rkt arbeiten wir derzeit am Stimmvolumen in tiefer Lage und Bariton (Solo-) Repertoire. Christophs fundiertes Wissen \u00fcber Stimmphysiologie und S\u00e4ngerformanten sowie die technische Ausrichtung des Unterrichts kommen mir sehr entgegen.<br>Ich habe l\u00e4nger \u00fcberlegt die Aufnahmepr\u00fcfung f\u00fcr Gesang an der Hochschule zu machen, habe mich aber dagegen entschieden, weil ich meinen Lehrer schon gefunden habe.<\/p>\n\n\n\n<p><\/p>\n","protected":false},"excerpt":{"rendered":"<p>Feedback zum Online-Unterricht B.K., Sopran, seit Jahren im semiprofessionellen Bereich t\u00e4tig: Wegen der r\u00e4umlichen Entfernung bot mir Christoph Online-Unterricht an, ein Experiment das wunderbar funktioniert: Es erstaunt mich immer wieder, wie gut Christoph alle Feinheiten der Vokalf\u00e4rbungen heraush\u00f6rt. Ich bin &hellip; <a href=\"https:\/\/erstaunlichsingenlernen.de\/?page_id=13\">Weiterlesen <span class=\"meta-nav\">&rarr;<\/span><\/a><\/p>\n","protected":false},"author":1,"featured_media":0,"parent":0,"menu_order":0,"comment_status":"closed","ping_status":"closed","template":"","meta":{"om_disable_all_campaigns":false,"_monsterinsights_skip_tracking":false,"_monsterinsights_sitenote_active":false,"_monsterinsights_sitenote_note":"","_monsterinsights_sitenote_category":0,"footnotes":""},"class_list":["post-13","page","type-page","status-publish","hentry"],"yoast_head":"<!-- This site is optimized with the Yoast SEO plugin v27.3 - https:\/\/yoast.com\/product\/yoast-seo-wordpress\/ -->\n<title>Sch\u00fclerfeedback - Gesangsunterricht M\u00fcnchen<\/title>\n<meta name=\"robots\" content=\"index, follow, max-snippet:-1, max-image-preview:large, max-video-preview:-1\" \/>\n<link rel=\"canonical\" href=\"https:\/\/erstaunlichsingenlernen.de\/?page_id=13\" \/>\n<meta property=\"og:locale\" content=\"de_DE\" \/>\n<meta property=\"og:type\" content=\"article\" \/>\n<meta property=\"og:title\" content=\"Sch\u00fclerfeedback - Gesangsunterricht M\u00fcnchen\" \/>\n<meta property=\"og:description\" content=\"Feedback zum Online-Unterricht B.K., Sopran, seit Jahren im semiprofessionellen Bereich t\u00e4tig: Wegen der r\u00e4umlichen Entfernung bot mir Christoph Online-Unterricht an, ein Experiment das wunderbar funktioniert: Es erstaunt mich immer wieder, wie gut Christoph alle Feinheiten der Vokalf\u00e4rbungen heraush\u00f6rt. Ich bin &hellip; Weiterlesen &rarr;\" \/>\n<meta property=\"og:url\" content=\"https:\/\/erstaunlichsingenlernen.de\/?page_id=13\" \/>\n<meta property=\"og:site_name\" content=\"Gesangsunterricht M\u00fcnchen\" \/>\n<meta property=\"article:modified_time\" content=\"2023-12-01T15:09:55+00:00\" \/>\n<meta name=\"twitter:card\" content=\"summary_large_image\" \/>\n<meta name=\"twitter:label1\" content=\"Gesch\u00e4tzte Lesezeit\" \/>\n\t<meta name=\"twitter:data1\" content=\"10\u00a0Minuten\" \/>\n<script type=\"application\/ld+json\" class=\"yoast-schema-graph\">{\"@context\":\"https:\\\/\\\/schema.org\",\"@graph\":[{\"@type\":\"WebPage\",\"@id\":\"https:\\\/\\\/erstaunlichsingenlernen.de\\\/?page_id=13\",\"url\":\"https:\\\/\\\/erstaunlichsingenlernen.de\\\/?page_id=13\",\"name\":\"Sch\u00fclerfeedback - Gesangsunterricht M\u00fcnchen\",\"isPartOf\":{\"@id\":\"https:\\\/\\\/erstaunlichsingenlernen.de\\\/#website\"},\"datePublished\":\"2021-02-02T08:23:02+00:00\",\"dateModified\":\"2023-12-01T15:09:55+00:00\",\"breadcrumb\":{\"@id\":\"https:\\\/\\\/erstaunlichsingenlernen.de\\\/?page_id=13#breadcrumb\"},\"inLanguage\":\"de\",\"potentialAction\":[{\"@type\":\"ReadAction\",\"target\":[\"https:\\\/\\\/erstaunlichsingenlernen.de\\\/?page_id=13\"]}]},{\"@type\":\"BreadcrumbList\",\"@id\":\"https:\\\/\\\/erstaunlichsingenlernen.de\\\/?page_id=13#breadcrumb\",\"itemListElement\":[{\"@type\":\"ListItem\",\"position\":1,\"name\":\"Startseite\",\"item\":\"https:\\\/\\\/erstaunlichsingenlernen.de\\\/\"},{\"@type\":\"ListItem\",\"position\":2,\"name\":\"Sch\u00fclerfeedback\"}]},{\"@type\":\"WebSite\",\"@id\":\"https:\\\/\\\/erstaunlichsingenlernen.de\\\/#website\",\"url\":\"https:\\\/\\\/erstaunlichsingenlernen.de\\\/\",\"name\":\"Gesangsunterricht M\u00fcnchen\",\"description\":\"Besser  singen lernen\",\"publisher\":{\"@id\":\"https:\\\/\\\/erstaunlichsingenlernen.de\\\/#organization\"},\"potentialAction\":[{\"@type\":\"SearchAction\",\"target\":{\"@type\":\"EntryPoint\",\"urlTemplate\":\"https:\\\/\\\/erstaunlichsingenlernen.de\\\/?s={search_term_string}\"},\"query-input\":{\"@type\":\"PropertyValueSpecification\",\"valueRequired\":true,\"valueName\":\"search_term_string\"}}],\"inLanguage\":\"de\"},{\"@type\":\"Organization\",\"@id\":\"https:\\\/\\\/erstaunlichsingenlernen.de\\\/#organization\",\"name\":\"Gesangsunterricht M\u00fcnchen\",\"url\":\"https:\\\/\\\/erstaunlichsingenlernen.de\\\/\",\"logo\":{\"@type\":\"ImageObject\",\"inLanguage\":\"de\",\"@id\":\"https:\\\/\\\/erstaunlichsingenlernen.de\\\/#\\\/schema\\\/logo\\\/image\\\/\",\"url\":\"\",\"contentUrl\":\"\",\"caption\":\"Gesangsunterricht M\u00fcnchen\"},\"image\":{\"@id\":\"https:\\\/\\\/erstaunlichsingenlernen.de\\\/#\\\/schema\\\/logo\\\/image\\\/\"}}]}<\/script>\n<!-- \/ Yoast SEO plugin. -->","yoast_head_json":{"title":"Sch\u00fclerfeedback - Gesangsunterricht M\u00fcnchen","robots":{"index":"index","follow":"follow","max-snippet":"max-snippet:-1","max-image-preview":"max-image-preview:large","max-video-preview":"max-video-preview:-1"},"canonical":"https:\/\/erstaunlichsingenlernen.de\/?page_id=13","og_locale":"de_DE","og_type":"article","og_title":"Sch\u00fclerfeedback - Gesangsunterricht M\u00fcnchen","og_description":"Feedback zum Online-Unterricht B.K., Sopran, seit Jahren im semiprofessionellen Bereich t\u00e4tig: Wegen der r\u00e4umlichen Entfernung bot mir Christoph Online-Unterricht an, ein Experiment das wunderbar funktioniert: Es erstaunt mich immer wieder, wie gut Christoph alle Feinheiten der Vokalf\u00e4rbungen heraush\u00f6rt. Ich bin &hellip; Weiterlesen &rarr;","og_url":"https:\/\/erstaunlichsingenlernen.de\/?page_id=13","og_site_name":"Gesangsunterricht M\u00fcnchen","article_modified_time":"2023-12-01T15:09:55+00:00","twitter_card":"summary_large_image","twitter_misc":{"Gesch\u00e4tzte Lesezeit":"10\u00a0Minuten"},"schema":{"@context":"https:\/\/schema.org","@graph":[{"@type":"WebPage","@id":"https:\/\/erstaunlichsingenlernen.de\/?page_id=13","url":"https:\/\/erstaunlichsingenlernen.de\/?page_id=13","name":"Sch\u00fclerfeedback - Gesangsunterricht M\u00fcnchen","isPartOf":{"@id":"https:\/\/erstaunlichsingenlernen.de\/#website"},"datePublished":"2021-02-02T08:23:02+00:00","dateModified":"2023-12-01T15:09:55+00:00","breadcrumb":{"@id":"https:\/\/erstaunlichsingenlernen.de\/?page_id=13#breadcrumb"},"inLanguage":"de","potentialAction":[{"@type":"ReadAction","target":["https:\/\/erstaunlichsingenlernen.de\/?page_id=13"]}]},{"@type":"BreadcrumbList","@id":"https:\/\/erstaunlichsingenlernen.de\/?page_id=13#breadcrumb","itemListElement":[{"@type":"ListItem","position":1,"name":"Startseite","item":"https:\/\/erstaunlichsingenlernen.de\/"},{"@type":"ListItem","position":2,"name":"Sch\u00fclerfeedback"}]},{"@type":"WebSite","@id":"https:\/\/erstaunlichsingenlernen.de\/#website","url":"https:\/\/erstaunlichsingenlernen.de\/","name":"Gesangsunterricht M\u00fcnchen","description":"Besser  singen lernen","publisher":{"@id":"https:\/\/erstaunlichsingenlernen.de\/#organization"},"potentialAction":[{"@type":"SearchAction","target":{"@type":"EntryPoint","urlTemplate":"https:\/\/erstaunlichsingenlernen.de\/?s={search_term_string}"},"query-input":{"@type":"PropertyValueSpecification","valueRequired":true,"valueName":"search_term_string"}}],"inLanguage":"de"},{"@type":"Organization","@id":"https:\/\/erstaunlichsingenlernen.de\/#organization","name":"Gesangsunterricht M\u00fcnchen","url":"https:\/\/erstaunlichsingenlernen.de\/","logo":{"@type":"ImageObject","inLanguage":"de","@id":"https:\/\/erstaunlichsingenlernen.de\/#\/schema\/logo\/image\/","url":"","contentUrl":"","caption":"Gesangsunterricht M\u00fcnchen"},"image":{"@id":"https:\/\/erstaunlichsingenlernen.de\/#\/schema\/logo\/image\/"}}]}},"_links":{"self":[{"href":"https:\/\/erstaunlichsingenlernen.de\/index.php?rest_route=\/wp\/v2\/pages\/13","targetHints":{"allow":["GET"]}}],"collection":[{"href":"https:\/\/erstaunlichsingenlernen.de\/index.php?rest_route=\/wp\/v2\/pages"}],"about":[{"href":"https:\/\/erstaunlichsingenlernen.de\/index.php?rest_route=\/wp\/v2\/types\/page"}],"author":[{"embeddable":true,"href":"https:\/\/erstaunlichsingenlernen.de\/index.php?rest_route=\/wp\/v2\/users\/1"}],"replies":[{"embeddable":true,"href":"https:\/\/erstaunlichsingenlernen.de\/index.php?rest_route=%2Fwp%2Fv2%2Fcomments&post=13"}],"version-history":[{"count":16,"href":"https:\/\/erstaunlichsingenlernen.de\/index.php?rest_route=\/wp\/v2\/pages\/13\/revisions"}],"predecessor-version":[{"id":1573,"href":"https:\/\/erstaunlichsingenlernen.de\/index.php?rest_route=\/wp\/v2\/pages\/13\/revisions\/1573"}],"wp:attachment":[{"href":"https:\/\/erstaunlichsingenlernen.de\/index.php?rest_route=%2Fwp%2Fv2%2Fmedia&parent=13"}],"curies":[{"name":"wp","href":"https:\/\/api.w.org\/{rel}","templated":true}]}}