{"id":1356,"date":"2021-02-02T08:21:45","date_gmt":"2021-02-02T08:21:45","guid":{"rendered":"http:\/\/gesangunterrichtmuenchen.de\/?page_id=1356"},"modified":"2022-08-15T13:57:10","modified_gmt":"2022-08-15T13:57:10","slug":"about","status":"publish","type":"page","link":"https:\/\/erstaunlichsingenlernen.de\/?page_id=1356","title":{"rendered":"Mein Angebot"},"content":{"rendered":"\n<ul class=\"line-height: 1.5 has-medium-font-size wp-block-list\"><li>Erfolgsgarantie! Falls sich innerhalb von 3 Stunden keine deutlichen Fortschritte zeigen, bekommen Sie Ihr bezahltes Geld zur\u00fcck.<\/li><li>Ausstellung von Geschenkgutscheinen<\/li><li>Kostenloser Gesangsratgeber per E-Mail auf Anfrage<\/li><li>Professioneller und effektiver ganzheitlicher Gesangsuntericht f\u00fcr jedes Niveau -vom Anf\u00e4nger bis zum Profi, sowie f\u00fcr jede Stimmlage<\/li><li>Vorbereitung f\u00fcr Aufnahmepr\u00fcfungen, Konzertauftritte<\/li><li>Wirkungsvolle Hilfe bei Lampenfieber<\/li><li>Wirkungsvolle Hilfe bei Stimmproblemen z.B. Hauchigkeit, Registerbr\u00fcchen, \u201cKn\u00f6del\u201c etc.<\/li><li>Erarbeitung von Liedern, Songs und Arien<\/li><li>Unterricht auch in Englisch und Franz\u00f6sisch m\u00f6glich<\/li><li>Gesangsseminare<\/li><li>Online-Unterricht auch \u00fcber Skype m\u00f6glich<\/li><li>Supervision f\u00fcr Gesangsp\u00e4dagogen<\/li><\/ul>\n","protected":false},"excerpt":{"rendered":"<p>Erfolgsgarantie! Falls sich innerhalb von 3 Stunden keine deutlichen Fortschritte zeigen, bekommen Sie Ihr bezahltes Geld zur\u00fcck. Ausstellung von Geschenkgutscheinen Kostenloser Gesangsratgeber per E-Mail auf Anfrage Professioneller und effektiver ganzheitlicher Gesangsuntericht f\u00fcr jedes Niveau -vom Anf\u00e4nger bis zum Profi, sowie &hellip; <a href=\"https:\/\/erstaunlichsingenlernen.de\/?page_id=1356\">Weiterlesen <span class=\"meta-nav\">&rarr;<\/span><\/a><\/p>\n","protected":false},"author":1,"featured_media":0,"parent":0,"menu_order":0,"comment_status":"closed","ping_status":"closed","template":"","meta":{"om_disable_all_campaigns":false,"_monsterinsights_skip_tracking":false,"_monsterinsights_sitenote_active":false,"_monsterinsights_sitenote_note":"","_monsterinsights_sitenote_category":0,"footnotes":""},"class_list":["post-1356","page","type-page","status-publish","hentry"],"yoast_head":"<!-- This site is optimized with the Yoast SEO plugin v27.3 - https:\/\/yoast.com\/product\/yoast-seo-wordpress\/ -->\n<title>Mein Angebot - Gesangsunterricht M\u00fcnchen<\/title>\n<meta name=\"robots\" content=\"index, follow, max-snippet:-1, max-image-preview:large, max-video-preview:-1\" \/>\n<link rel=\"canonical\" href=\"https:\/\/erstaunlichsingenlernen.de\/?page_id=1356\" \/>\n<meta property=\"og:locale\" content=\"de_DE\" \/>\n<meta property=\"og:type\" content=\"article\" \/>\n<meta property=\"og:title\" content=\"Mein Angebot - Gesangsunterricht M\u00fcnchen\" \/>\n<meta property=\"og:description\" content=\"Erfolgsgarantie! Falls sich innerhalb von 3 Stunden keine deutlichen Fortschritte zeigen, bekommen Sie Ihr bezahltes Geld zur\u00fcck. Ausstellung von Geschenkgutscheinen Kostenloser Gesangsratgeber per E-Mail auf Anfrage Professioneller und effektiver ganzheitlicher Gesangsuntericht f\u00fcr jedes Niveau -vom Anf\u00e4nger bis zum Profi, sowie &hellip; Weiterlesen &rarr;\" \/>\n<meta property=\"og:url\" content=\"https:\/\/erstaunlichsingenlernen.de\/?page_id=1356\" \/>\n<meta property=\"og:site_name\" content=\"Gesangsunterricht M\u00fcnchen\" \/>\n<meta property=\"article:modified_time\" content=\"2022-08-15T13:57:10+00:00\" \/>\n<meta name=\"twitter:card\" content=\"summary_large_image\" \/>\n<meta name=\"twitter:label1\" content=\"Gesch\u00e4tzte Lesezeit\" \/>\n\t<meta name=\"twitter:data1\" content=\"1\u00a0Minute\" \/>\n<script type=\"application\/ld+json\" class=\"yoast-schema-graph\">{\"@context\":\"https:\\\/\\\/schema.org\",\"@graph\":[{\"@type\":\"WebPage\",\"@id\":\"https:\\\/\\\/erstaunlichsingenlernen.de\\\/?page_id=1356\",\"url\":\"https:\\\/\\\/erstaunlichsingenlernen.de\\\/?page_id=1356\",\"name\":\"Mein Angebot - Gesangsunterricht M\u00fcnchen\",\"isPartOf\":{\"@id\":\"https:\\\/\\\/erstaunlichsingenlernen.de\\\/#website\"},\"datePublished\":\"2021-02-02T08:21:45+00:00\",\"dateModified\":\"2022-08-15T13:57:10+00:00\",\"breadcrumb\":{\"@id\":\"https:\\\/\\\/erstaunlichsingenlernen.de\\\/?page_id=1356#breadcrumb\"},\"inLanguage\":\"de\",\"potentialAction\":[{\"@type\":\"ReadAction\",\"target\":[\"https:\\\/\\\/erstaunlichsingenlernen.de\\\/?page_id=1356\"]}]},{\"@type\":\"BreadcrumbList\",\"@id\":\"https:\\\/\\\/erstaunlichsingenlernen.de\\\/?page_id=1356#breadcrumb\",\"itemListElement\":[{\"@type\":\"ListItem\",\"position\":1,\"name\":\"Startseite\",\"item\":\"https:\\\/\\\/erstaunlichsingenlernen.de\\\/\"},{\"@type\":\"ListItem\",\"position\":2,\"name\":\"Mein Angebot\"}]},{\"@type\":\"WebSite\",\"@id\":\"https:\\\/\\\/erstaunlichsingenlernen.de\\\/#website\",\"url\":\"https:\\\/\\\/erstaunlichsingenlernen.de\\\/\",\"name\":\"Gesangsunterricht M\u00fcnchen\",\"description\":\"Besser  singen lernen\",\"publisher\":{\"@id\":\"https:\\\/\\\/erstaunlichsingenlernen.de\\\/#organization\"},\"potentialAction\":[{\"@type\":\"SearchAction\",\"target\":{\"@type\":\"EntryPoint\",\"urlTemplate\":\"https:\\\/\\\/erstaunlichsingenlernen.de\\\/?s={search_term_string}\"},\"query-input\":{\"@type\":\"PropertyValueSpecification\",\"valueRequired\":true,\"valueName\":\"search_term_string\"}}],\"inLanguage\":\"de\"},{\"@type\":\"Organization\",\"@id\":\"https:\\\/\\\/erstaunlichsingenlernen.de\\\/#organization\",\"name\":\"Gesangsunterricht M\u00fcnchen\",\"url\":\"https:\\\/\\\/erstaunlichsingenlernen.de\\\/\",\"logo\":{\"@type\":\"ImageObject\",\"inLanguage\":\"de\",\"@id\":\"https:\\\/\\\/erstaunlichsingenlernen.de\\\/#\\\/schema\\\/logo\\\/image\\\/\",\"url\":\"\",\"contentUrl\":\"\",\"caption\":\"Gesangsunterricht M\u00fcnchen\"},\"image\":{\"@id\":\"https:\\\/\\\/erstaunlichsingenlernen.de\\\/#\\\/schema\\\/logo\\\/image\\\/\"}}]}<\/script>\n<!-- \/ Yoast SEO plugin. -->","yoast_head_json":{"title":"Mein Angebot - Gesangsunterricht M\u00fcnchen","robots":{"index":"index","follow":"follow","max-snippet":"max-snippet:-1","max-image-preview":"max-image-preview:large","max-video-preview":"max-video-preview:-1"},"canonical":"https:\/\/erstaunlichsingenlernen.de\/?page_id=1356","og_locale":"de_DE","og_type":"article","og_title":"Mein Angebot - Gesangsunterricht M\u00fcnchen","og_description":"Erfolgsgarantie! Falls sich innerhalb von 3 Stunden keine deutlichen Fortschritte zeigen, bekommen Sie Ihr bezahltes Geld zur\u00fcck. Ausstellung von Geschenkgutscheinen Kostenloser Gesangsratgeber per E-Mail auf Anfrage Professioneller und effektiver ganzheitlicher Gesangsuntericht f\u00fcr jedes Niveau -vom Anf\u00e4nger bis zum Profi, sowie &hellip; Weiterlesen &rarr;","og_url":"https:\/\/erstaunlichsingenlernen.de\/?page_id=1356","og_site_name":"Gesangsunterricht M\u00fcnchen","article_modified_time":"2022-08-15T13:57:10+00:00","twitter_card":"summary_large_image","twitter_misc":{"Gesch\u00e4tzte Lesezeit":"1\u00a0Minute"},"schema":{"@context":"https:\/\/schema.org","@graph":[{"@type":"WebPage","@id":"https:\/\/erstaunlichsingenlernen.de\/?page_id=1356","url":"https:\/\/erstaunlichsingenlernen.de\/?page_id=1356","name":"Mein Angebot - Gesangsunterricht M\u00fcnchen","isPartOf":{"@id":"https:\/\/erstaunlichsingenlernen.de\/#website"},"datePublished":"2021-02-02T08:21:45+00:00","dateModified":"2022-08-15T13:57:10+00:00","breadcrumb":{"@id":"https:\/\/erstaunlichsingenlernen.de\/?page_id=1356#breadcrumb"},"inLanguage":"de","potentialAction":[{"@type":"ReadAction","target":["https:\/\/erstaunlichsingenlernen.de\/?page_id=1356"]}]},{"@type":"BreadcrumbList","@id":"https:\/\/erstaunlichsingenlernen.de\/?page_id=1356#breadcrumb","itemListElement":[{"@type":"ListItem","position":1,"name":"Startseite","item":"https:\/\/erstaunlichsingenlernen.de\/"},{"@type":"ListItem","position":2,"name":"Mein Angebot"}]},{"@type":"WebSite","@id":"https:\/\/erstaunlichsingenlernen.de\/#website","url":"https:\/\/erstaunlichsingenlernen.de\/","name":"Gesangsunterricht M\u00fcnchen","description":"Besser  singen lernen","publisher":{"@id":"https:\/\/erstaunlichsingenlernen.de\/#organization"},"potentialAction":[{"@type":"SearchAction","target":{"@type":"EntryPoint","urlTemplate":"https:\/\/erstaunlichsingenlernen.de\/?s={search_term_string}"},"query-input":{"@type":"PropertyValueSpecification","valueRequired":true,"valueName":"search_term_string"}}],"inLanguage":"de"},{"@type":"Organization","@id":"https:\/\/erstaunlichsingenlernen.de\/#organization","name":"Gesangsunterricht M\u00fcnchen","url":"https:\/\/erstaunlichsingenlernen.de\/","logo":{"@type":"ImageObject","inLanguage":"de","@id":"https:\/\/erstaunlichsingenlernen.de\/#\/schema\/logo\/image\/","url":"","contentUrl":"","caption":"Gesangsunterricht M\u00fcnchen"},"image":{"@id":"https:\/\/erstaunlichsingenlernen.de\/#\/schema\/logo\/image\/"}}]}},"_links":{"self":[{"href":"https:\/\/erstaunlichsingenlernen.de\/index.php?rest_route=\/wp\/v2\/pages\/1356","targetHints":{"allow":["GET"]}}],"collection":[{"href":"https:\/\/erstaunlichsingenlernen.de\/index.php?rest_route=\/wp\/v2\/pages"}],"about":[{"href":"https:\/\/erstaunlichsingenlernen.de\/index.php?rest_route=\/wp\/v2\/types\/page"}],"author":[{"embeddable":true,"href":"https:\/\/erstaunlichsingenlernen.de\/index.php?rest_route=\/wp\/v2\/users\/1"}],"replies":[{"embeddable":true,"href":"https:\/\/erstaunlichsingenlernen.de\/index.php?rest_route=%2Fwp%2Fv2%2Fcomments&post=1356"}],"version-history":[{"count":10,"href":"https:\/\/erstaunlichsingenlernen.de\/index.php?rest_route=\/wp\/v2\/pages\/1356\/revisions"}],"predecessor-version":[{"id":1565,"href":"https:\/\/erstaunlichsingenlernen.de\/index.php?rest_route=\/wp\/v2\/pages\/1356\/revisions\/1565"}],"wp:attachment":[{"href":"https:\/\/erstaunlichsingenlernen.de\/index.php?rest_route=%2Fwp%2Fv2%2Fmedia&parent=1356"}],"curies":[{"name":"wp","href":"https:\/\/api.w.org\/{rel}","templated":true}]}}