{"id":1488,"date":"2022-08-05T13:59:31","date_gmt":"2022-08-05T13:59:31","guid":{"rendered":"https:\/\/gesangunterrichtmuenchen.de\/?page_id=1488"},"modified":"2024-09-13T18:13:42","modified_gmt":"2024-09-13T18:13:42","slug":"impressum","status":"publish","type":"page","link":"https:\/\/erstaunlichsingenlernen.de\/?page_id=1488","title":{"rendered":"Impressum"},"content":{"rendered":"\n<p><strong>IMPRESSUM<\/strong><\/p>\n\n\n\n<p>Angaben gem\u00e4\u00df \u00a7 5 TMG:<\/p>\n\n\n\n<p>Christoph Dobmeier<\/p>\n\n\n\n<p>Bismarckstr.30<\/p>\n\n\n\n<p>80803 M\u00fcnchen<\/p>\n\n\n\n<p>Kontakt:<\/p>\n\n\n\n<p>Telefon: 089 \u2013 341700<br>E-Mail: info@erstaunlichsingenlernen.de<\/p>\n\n\n\n<p><\/p>\n\n\n\n<p>Streitschlichtung:<\/p>\n\n\n\n<p>Wir sind nicht bereit oder verpflichtet, an Streitbeilegungsverfahren vor einer Verbraucherschlichtungsstelle teilzunehmen.<\/p>\n\n\n\n<p>Haftung f\u00fcr Inhalte:<\/p>\n\n\n\n<p>Als Diensteanbieter sind wir gem\u00e4\u00df \u00a7 7 Abs.1 TMG f\u00fcr eigene Inhalte auf diesen Seiten nach den allgemeinen Gesetzen verantwortlich. Nach \u00a7\u00a7 8 bis 10 TMG sind wir als Diensteanbieter jedoch nicht verpflichtet, \u00fcbermittelte oder gespeicherte fremde Informationen zu \u00fcberwachen oder nach Umst\u00e4nden zu forschen, die auf eine rechtswidrige T\u00e4tigkeit hinweisen.<\/p>\n\n\n\n<p>Verpflichtungen zur Entfernung oder Sperrung der Nutzung von Informationen nach den allgemeinen Gesetzen bleiben hiervon unber\u00fchrt. Eine diesbez\u00fcgliche Haftung ist jedoch erst ab dem Zeitpunkt der Kenntnis einer konkreten Rechtsverletzung m\u00f6glich. Bei Bekanntwerden von entsprechenden Rechtsverletzungen werden wir diese Inhalte umgehend entfernen.<\/p>\n\n\n\n<p>Urheberrecht:<\/p>\n\n\n\n<p>Die durch die Seitenbetreiber erstellten Inhalte und Werke auf diesen Seiten unterliegen dem deutschen Urheberrecht. Die Vervielf\u00e4ltigung, Bearbeitung, Verbreitung und jede Art der Verwertung au\u00dferhalb der Grenzen des Urheberrechtes bed\u00fcrfen der schriftlichen Zustimmung des jeweiligen Autors bzw.&nbsp; Erstellers. Downloads und Kopien dieser Seite sind nur f\u00fcr den privaten, nicht kommerziellen Gebrauch gestattet.<\/p>\n\n\n\n<p>Soweit die Inhalte auf dieser Seite nicht vom Betreiber erstellt wurden, werden die Urheberrechte Dritter beachtet. Insbesondere werden Inhalte Dritter als solche gekennzeichnet. Sollten Sie trotzdem auf eine Urheberrechtsverletzung aufmerksam werden, bitten wir um einen entsprechenden Hinweis. Bei Bekanntwerden von Rechtsverletzungen werden wir derartige Inhalte umgehend entfernen.<\/p>\n\n\n\n<p>Quelle f\u00fcr Impressum: e-recht24<\/p>\n","protected":false},"excerpt":{"rendered":"<p>IMPRESSUM Angaben gem\u00e4\u00df \u00a7 5 TMG: Christoph Dobmeier Bismarckstr.30 80803 M\u00fcnchen Kontakt: Telefon: 089 \u2013 341700E-Mail: info@erstaunlichsingenlernen.de Streitschlichtung: Wir sind nicht bereit oder verpflichtet, an Streitbeilegungsverfahren vor einer Verbraucherschlichtungsstelle teilzunehmen. Haftung f\u00fcr Inhalte: Als Diensteanbieter sind wir gem\u00e4\u00df \u00a7 7 &hellip; <a href=\"https:\/\/erstaunlichsingenlernen.de\/?page_id=1488\">Weiterlesen <span class=\"meta-nav\">&rarr;<\/span><\/a><\/p>\n","protected":false},"author":1,"featured_media":0,"parent":0,"menu_order":0,"comment_status":"closed","ping_status":"closed","template":"","meta":{"om_disable_all_campaigns":false,"_monsterinsights_skip_tracking":false,"_monsterinsights_sitenote_active":false,"_monsterinsights_sitenote_note":"","_monsterinsights_sitenote_category":0,"footnotes":""},"class_list":["post-1488","page","type-page","status-publish","hentry"],"yoast_head":"<!-- This site is optimized with the Yoast SEO plugin v27.3 - https:\/\/yoast.com\/product\/yoast-seo-wordpress\/ -->\n<title>Impressum - Gesangsunterricht M\u00fcnchen<\/title>\n<meta name=\"robots\" content=\"index, follow, max-snippet:-1, max-image-preview:large, max-video-preview:-1\" \/>\n<link rel=\"canonical\" href=\"https:\/\/erstaunlichsingenlernen.de\/?page_id=1488\" \/>\n<meta property=\"og:locale\" content=\"de_DE\" \/>\n<meta property=\"og:type\" content=\"article\" \/>\n<meta property=\"og:title\" content=\"Impressum - Gesangsunterricht M\u00fcnchen\" \/>\n<meta property=\"og:description\" content=\"IMPRESSUM Angaben gem\u00e4\u00df \u00a7 5 TMG: Christoph Dobmeier Bismarckstr.30 80803 M\u00fcnchen Kontakt: Telefon: 089 \u2013 341700E-Mail: info@erstaunlichsingenlernen.de Streitschlichtung: Wir sind nicht bereit oder verpflichtet, an Streitbeilegungsverfahren vor einer Verbraucherschlichtungsstelle teilzunehmen. Haftung f\u00fcr Inhalte: Als Diensteanbieter sind wir gem\u00e4\u00df \u00a7 7 &hellip; Weiterlesen &rarr;\" \/>\n<meta property=\"og:url\" content=\"https:\/\/erstaunlichsingenlernen.de\/?page_id=1488\" \/>\n<meta property=\"og:site_name\" content=\"Gesangsunterricht M\u00fcnchen\" \/>\n<meta property=\"article:modified_time\" content=\"2024-09-13T18:13:42+00:00\" \/>\n<meta name=\"twitter:card\" content=\"summary_large_image\" \/>\n<meta name=\"twitter:label1\" content=\"Gesch\u00e4tzte Lesezeit\" \/>\n\t<meta name=\"twitter:data1\" content=\"2\u00a0Minuten\" \/>\n<script type=\"application\/ld+json\" class=\"yoast-schema-graph\">{\"@context\":\"https:\\\/\\\/schema.org\",\"@graph\":[{\"@type\":\"WebPage\",\"@id\":\"https:\\\/\\\/erstaunlichsingenlernen.de\\\/?page_id=1488\",\"url\":\"https:\\\/\\\/erstaunlichsingenlernen.de\\\/?page_id=1488\",\"name\":\"Impressum - Gesangsunterricht M\u00fcnchen\",\"isPartOf\":{\"@id\":\"https:\\\/\\\/erstaunlichsingenlernen.de\\\/#website\"},\"datePublished\":\"2022-08-05T13:59:31+00:00\",\"dateModified\":\"2024-09-13T18:13:42+00:00\",\"breadcrumb\":{\"@id\":\"https:\\\/\\\/erstaunlichsingenlernen.de\\\/?page_id=1488#breadcrumb\"},\"inLanguage\":\"de\",\"potentialAction\":[{\"@type\":\"ReadAction\",\"target\":[\"https:\\\/\\\/erstaunlichsingenlernen.de\\\/?page_id=1488\"]}]},{\"@type\":\"BreadcrumbList\",\"@id\":\"https:\\\/\\\/erstaunlichsingenlernen.de\\\/?page_id=1488#breadcrumb\",\"itemListElement\":[{\"@type\":\"ListItem\",\"position\":1,\"name\":\"Startseite\",\"item\":\"https:\\\/\\\/erstaunlichsingenlernen.de\\\/\"},{\"@type\":\"ListItem\",\"position\":2,\"name\":\"Impressum\"}]},{\"@type\":\"WebSite\",\"@id\":\"https:\\\/\\\/erstaunlichsingenlernen.de\\\/#website\",\"url\":\"https:\\\/\\\/erstaunlichsingenlernen.de\\\/\",\"name\":\"Gesangsunterricht M\u00fcnchen\",\"description\":\"Besser  singen lernen\",\"publisher\":{\"@id\":\"https:\\\/\\\/erstaunlichsingenlernen.de\\\/#organization\"},\"potentialAction\":[{\"@type\":\"SearchAction\",\"target\":{\"@type\":\"EntryPoint\",\"urlTemplate\":\"https:\\\/\\\/erstaunlichsingenlernen.de\\\/?s={search_term_string}\"},\"query-input\":{\"@type\":\"PropertyValueSpecification\",\"valueRequired\":true,\"valueName\":\"search_term_string\"}}],\"inLanguage\":\"de\"},{\"@type\":\"Organization\",\"@id\":\"https:\\\/\\\/erstaunlichsingenlernen.de\\\/#organization\",\"name\":\"Gesangsunterricht M\u00fcnchen\",\"url\":\"https:\\\/\\\/erstaunlichsingenlernen.de\\\/\",\"logo\":{\"@type\":\"ImageObject\",\"inLanguage\":\"de\",\"@id\":\"https:\\\/\\\/erstaunlichsingenlernen.de\\\/#\\\/schema\\\/logo\\\/image\\\/\",\"url\":\"\",\"contentUrl\":\"\",\"caption\":\"Gesangsunterricht M\u00fcnchen\"},\"image\":{\"@id\":\"https:\\\/\\\/erstaunlichsingenlernen.de\\\/#\\\/schema\\\/logo\\\/image\\\/\"}}]}<\/script>\n<!-- \/ Yoast SEO plugin. -->","yoast_head_json":{"title":"Impressum - Gesangsunterricht M\u00fcnchen","robots":{"index":"index","follow":"follow","max-snippet":"max-snippet:-1","max-image-preview":"max-image-preview:large","max-video-preview":"max-video-preview:-1"},"canonical":"https:\/\/erstaunlichsingenlernen.de\/?page_id=1488","og_locale":"de_DE","og_type":"article","og_title":"Impressum - Gesangsunterricht M\u00fcnchen","og_description":"IMPRESSUM Angaben gem\u00e4\u00df \u00a7 5 TMG: Christoph Dobmeier Bismarckstr.30 80803 M\u00fcnchen Kontakt: Telefon: 089 \u2013 341700E-Mail: info@erstaunlichsingenlernen.de Streitschlichtung: Wir sind nicht bereit oder verpflichtet, an Streitbeilegungsverfahren vor einer Verbraucherschlichtungsstelle teilzunehmen. Haftung f\u00fcr Inhalte: Als Diensteanbieter sind wir gem\u00e4\u00df \u00a7 7 &hellip; Weiterlesen &rarr;","og_url":"https:\/\/erstaunlichsingenlernen.de\/?page_id=1488","og_site_name":"Gesangsunterricht M\u00fcnchen","article_modified_time":"2024-09-13T18:13:42+00:00","twitter_card":"summary_large_image","twitter_misc":{"Gesch\u00e4tzte Lesezeit":"2\u00a0Minuten"},"schema":{"@context":"https:\/\/schema.org","@graph":[{"@type":"WebPage","@id":"https:\/\/erstaunlichsingenlernen.de\/?page_id=1488","url":"https:\/\/erstaunlichsingenlernen.de\/?page_id=1488","name":"Impressum - Gesangsunterricht M\u00fcnchen","isPartOf":{"@id":"https:\/\/erstaunlichsingenlernen.de\/#website"},"datePublished":"2022-08-05T13:59:31+00:00","dateModified":"2024-09-13T18:13:42+00:00","breadcrumb":{"@id":"https:\/\/erstaunlichsingenlernen.de\/?page_id=1488#breadcrumb"},"inLanguage":"de","potentialAction":[{"@type":"ReadAction","target":["https:\/\/erstaunlichsingenlernen.de\/?page_id=1488"]}]},{"@type":"BreadcrumbList","@id":"https:\/\/erstaunlichsingenlernen.de\/?page_id=1488#breadcrumb","itemListElement":[{"@type":"ListItem","position":1,"name":"Startseite","item":"https:\/\/erstaunlichsingenlernen.de\/"},{"@type":"ListItem","position":2,"name":"Impressum"}]},{"@type":"WebSite","@id":"https:\/\/erstaunlichsingenlernen.de\/#website","url":"https:\/\/erstaunlichsingenlernen.de\/","name":"Gesangsunterricht M\u00fcnchen","description":"Besser  singen lernen","publisher":{"@id":"https:\/\/erstaunlichsingenlernen.de\/#organization"},"potentialAction":[{"@type":"SearchAction","target":{"@type":"EntryPoint","urlTemplate":"https:\/\/erstaunlichsingenlernen.de\/?s={search_term_string}"},"query-input":{"@type":"PropertyValueSpecification","valueRequired":true,"valueName":"search_term_string"}}],"inLanguage":"de"},{"@type":"Organization","@id":"https:\/\/erstaunlichsingenlernen.de\/#organization","name":"Gesangsunterricht M\u00fcnchen","url":"https:\/\/erstaunlichsingenlernen.de\/","logo":{"@type":"ImageObject","inLanguage":"de","@id":"https:\/\/erstaunlichsingenlernen.de\/#\/schema\/logo\/image\/","url":"","contentUrl":"","caption":"Gesangsunterricht M\u00fcnchen"},"image":{"@id":"https:\/\/erstaunlichsingenlernen.de\/#\/schema\/logo\/image\/"}}]}},"_links":{"self":[{"href":"https:\/\/erstaunlichsingenlernen.de\/index.php?rest_route=\/wp\/v2\/pages\/1488","targetHints":{"allow":["GET"]}}],"collection":[{"href":"https:\/\/erstaunlichsingenlernen.de\/index.php?rest_route=\/wp\/v2\/pages"}],"about":[{"href":"https:\/\/erstaunlichsingenlernen.de\/index.php?rest_route=\/wp\/v2\/types\/page"}],"author":[{"embeddable":true,"href":"https:\/\/erstaunlichsingenlernen.de\/index.php?rest_route=\/wp\/v2\/users\/1"}],"replies":[{"embeddable":true,"href":"https:\/\/erstaunlichsingenlernen.de\/index.php?rest_route=%2Fwp%2Fv2%2Fcomments&post=1488"}],"version-history":[{"count":2,"href":"https:\/\/erstaunlichsingenlernen.de\/index.php?rest_route=\/wp\/v2\/pages\/1488\/revisions"}],"predecessor-version":[{"id":1603,"href":"https:\/\/erstaunlichsingenlernen.de\/index.php?rest_route=\/wp\/v2\/pages\/1488\/revisions\/1603"}],"wp:attachment":[{"href":"https:\/\/erstaunlichsingenlernen.de\/index.php?rest_route=%2Fwp%2Fv2%2Fmedia&parent=1488"}],"curies":[{"name":"wp","href":"https:\/\/api.w.org\/{rel}","templated":true}]}}